{"id":1572,"date":"2023-11-22T23:23:03","date_gmt":"2023-11-22T22:23:03","guid":{"rendered":"https:\/\/start.laportedufutur.org\/?page_id=1572"},"modified":"2023-11-22T23:23:03","modified_gmt":"2023-11-22T22:23:03","slug":"client-login","status":"publish","type":"page","link":"https:\/\/start.laportedufutur.org\/en\/client-login\/","title":{"rendered":"Client Login"},"content":{"rendered":"","protected":false},"excerpt":{"rendered":"","protected":false},"author":1,"featured_media":0,"parent":0,"menu_order":0,"comment_status":"closed","ping_status":"closed","template":"","meta":{"footnotes":""},"class_list":["post-1572","page","type-page","status-publish","hentry"],"yoast_head":"<!-- This site is optimized with the Yoast SEO plugin v21.5 - https:\/\/yoast.com\/wordpress\/plugins\/seo\/ -->\n<title>Client Login - Start Entreprendre au Congo<\/title>\n<meta name=\"robots\" content=\"index, follow, max-snippet:-1, max-image-preview:large, max-video-preview:-1\" \/>\n<link rel=\"canonical\" href=\"https:\/\/start.laportedufutur.org\/en\/client-login\/\" \/>\n<meta property=\"og:locale\" content=\"en_US\" \/>\n<meta property=\"og:type\" content=\"article\" \/>\n<meta property=\"og:title\" content=\"Client Login - Start Entreprendre au Congo\" \/>\n<meta property=\"og:url\" content=\"https:\/\/start.laportedufutur.org\/en\/client-login\/\" \/>\n<meta property=\"og:site_name\" content=\"Start Entreprendre au Congo\" \/>\n<meta name=\"twitter:card\" content=\"summary_large_image\" \/>\n<script type=\"application\/ld+json\" class=\"yoast-schema-graph\">{\"@context\":\"https:\/\/schema.org\",\"@graph\":[{\"@type\":\"WebPage\",\"@id\":\"https:\/\/start.laportedufutur.org\/client-login\/\",\"url\":\"https:\/\/start.laportedufutur.org\/client-login\/\",\"name\":\"Client Login - Start Entreprendre au Congo\",\"isPartOf\":{\"@id\":\"https:\/\/start.laportedufutur.org\/#website\"},\"datePublished\":\"2023-11-22T22:23:03+00:00\",\"dateModified\":\"2023-11-22T22:23:03+00:00\",\"breadcrumb\":{\"@id\":\"https:\/\/start.laportedufutur.org\/client-login\/#breadcrumb\"},\"inLanguage\":\"en-US\",\"potentialAction\":[{\"@type\":\"ReadAction\",\"target\":[\"https:\/\/start.laportedufutur.org\/client-login\/\"]}]},{\"@type\":\"BreadcrumbList\",\"@id\":\"https:\/\/start.laportedufutur.org\/client-login\/#breadcrumb\",\"itemListElement\":[{\"@type\":\"ListItem\",\"position\":1,\"name\":\"Accueil\",\"item\":\"https:\/\/start.laportedufutur.org\/\"},{\"@type\":\"ListItem\",\"position\":2,\"name\":\"Client Login\"}]},{\"@type\":\"WebSite\",\"@id\":\"https:\/\/start.laportedufutur.org\/#website\",\"url\":\"https:\/\/start.laportedufutur.org\/\",\"name\":\"Start Entreprendre au Congo\",\"description\":\"Cr\u00e9er son entreprise en ligne en R\u00e9publique D\u00e9mocratique du Congo (RDC) en Ligne\",\"publisher\":{\"@id\":\"https:\/\/start.laportedufutur.org\/#organization\"},\"potentialAction\":[{\"@type\":\"SearchAction\",\"target\":{\"@type\":\"EntryPoint\",\"urlTemplate\":\"https:\/\/start.laportedufutur.org\/?s={search_term_string}\"},\"query-input\":\"required name=search_term_string\"}],\"inLanguage\":\"en-US\"},{\"@type\":\"Organization\",\"@id\":\"https:\/\/start.laportedufutur.org\/#organization\",\"name\":\"Start Entreprendre au Congo\",\"url\":\"https:\/\/start.laportedufutur.org\/\",\"logo\":{\"@type\":\"ImageObject\",\"inLanguage\":\"en-US\",\"@id\":\"https:\/\/start.laportedufutur.org\/#\/schema\/logo\/image\/\",\"url\":\"https:\/\/start.laportedufutur.org\/wp-content\/uploads\/2023\/11\/cropped-Startrdc-LOGOTYPE.png\",\"contentUrl\":\"https:\/\/start.laportedufutur.org\/wp-content\/uploads\/2023\/11\/cropped-Startrdc-LOGOTYPE.png\",\"width\":999,\"height\":286,\"caption\":\"Start Entreprendre au Congo\"},\"image\":{\"@id\":\"https:\/\/start.laportedufutur.org\/#\/schema\/logo\/image\/\"}}]}<\/script>\n<!-- \/ Yoast SEO plugin. -->","yoast_head_json":{"title":"Client Login - Start Entreprendre au Congo","robots":{"index":"index","follow":"follow","max-snippet":"max-snippet:-1","max-image-preview":"max-image-preview:large","max-video-preview":"max-video-preview:-1"},"canonical":"https:\/\/start.laportedufutur.org\/en\/client-login\/","og_locale":"en_US","og_type":"article","og_title":"Client Login - Start Entreprendre au Congo","og_url":"https:\/\/start.laportedufutur.org\/en\/client-login\/","og_site_name":"Start Entreprendre au Congo","twitter_card":"summary_large_image","schema":{"@context":"https:\/\/schema.org","@graph":[{"@type":"WebPage","@id":"https:\/\/start.laportedufutur.org\/client-login\/","url":"https:\/\/start.laportedufutur.org\/client-login\/","name":"Client Login - Start Entreprendre au Congo","isPartOf":{"@id":"https:\/\/start.laportedufutur.org\/#website"},"datePublished":"2023-11-22T22:23:03+00:00","dateModified":"2023-11-22T22:23:03+00:00","breadcrumb":{"@id":"https:\/\/start.laportedufutur.org\/client-login\/#breadcrumb"},"inLanguage":"en-US","potentialAction":[{"@type":"ReadAction","target":["https:\/\/start.laportedufutur.org\/client-login\/"]}]},{"@type":"BreadcrumbList","@id":"https:\/\/start.laportedufutur.org\/client-login\/#breadcrumb","itemListElement":[{"@type":"ListItem","position":1,"name":"Accueil","item":"https:\/\/start.laportedufutur.org\/"},{"@type":"ListItem","position":2,"name":"Client Login"}]},{"@type":"WebSite","@id":"https:\/\/start.laportedufutur.org\/#website","url":"https:\/\/start.laportedufutur.org\/","name":"Start Entreprendre au Congo","description":"Cr\u00e9er son entreprise en ligne en R\u00e9publique D\u00e9mocratique du Congo (RDC) en Ligne","publisher":{"@id":"https:\/\/start.laportedufutur.org\/#organization"},"potentialAction":[{"@type":"SearchAction","target":{"@type":"EntryPoint","urlTemplate":"https:\/\/start.laportedufutur.org\/?s={search_term_string}"},"query-input":"required name=search_term_string"}],"inLanguage":"en-US"},{"@type":"Organization","@id":"https:\/\/start.laportedufutur.org\/#organization","name":"Start Entreprendre au Congo","url":"https:\/\/start.laportedufutur.org\/","logo":{"@type":"ImageObject","inLanguage":"en-US","@id":"https:\/\/start.laportedufutur.org\/#\/schema\/logo\/image\/","url":"https:\/\/start.laportedufutur.org\/wp-content\/uploads\/2023\/11\/cropped-Startrdc-LOGOTYPE.png","contentUrl":"https:\/\/start.laportedufutur.org\/wp-content\/uploads\/2023\/11\/cropped-Startrdc-LOGOTYPE.png","width":999,"height":286,"caption":"Start Entreprendre au Congo"},"image":{"@id":"https:\/\/start.laportedufutur.org\/#\/schema\/logo\/image\/"}}]}},"jetpack_sharing_enabled":true,"_links":{"self":[{"href":"https:\/\/start.laportedufutur.org\/en\/wp-json\/wp\/v2\/pages\/1572","targetHints":{"allow":["GET"]}}],"collection":[{"href":"https:\/\/start.laportedufutur.org\/en\/wp-json\/wp\/v2\/pages"}],"about":[{"href":"https:\/\/start.laportedufutur.org\/en\/wp-json\/wp\/v2\/types\/page"}],"author":[{"embeddable":true,"href":"https:\/\/start.laportedufutur.org\/en\/wp-json\/wp\/v2\/users\/1"}],"replies":[{"embeddable":true,"href":"https:\/\/start.laportedufutur.org\/en\/wp-json\/wp\/v2\/comments?post=1572"}],"version-history":[{"count":0,"href":"https:\/\/start.laportedufutur.org\/en\/wp-json\/wp\/v2\/pages\/1572\/revisions"}],"wp:attachment":[{"href":"https:\/\/start.laportedufutur.org\/en\/wp-json\/wp\/v2\/media?parent=1572"}],"curies":[{"name":"wp","href":"https:\/\/api.w.org\/{rel}","templated":true}]}}